{"id":706,"date":"2019-06-03T13:22:08","date_gmt":"2019-06-03T13:22:08","guid":{"rendered":"http:\/\/shop.xpresso-store.de\/?page_id=706"},"modified":"2019-06-03T13:24:40","modified_gmt":"2019-06-03T13:24:40","slug":"jobs","status":"publish","type":"page","link":"http:\/\/shop.xpresso-store.de\/?page_id=706","title":{"rendered":"Jobs"},"content":{"rendered":"\n<p>Sie m\u00f6chten unserem Team beitreten? Gerne nehmen wir Ihre Bewerbung schriftlich entgegen. Schicken Sie diese einfach an Firma Xpresso Cafe-Store in der Schwanheimerstra\u00dfe 76, 64625 Bensheim.<\/p>\n\n\n\n<p> <strong>Zur Verst\u00e4rkung unseres Teams in Bensheim suchen wir:<\/strong><\/p>\n\n\n\n<hr class=\"wp-block-separator\"\/>\n\n\n\n<p><strong>Eine\/n Elektroniker\/in<\/strong><\/p>\n\n\n\n<p>&#8211; Langj\u00e4hrige Erfahrung in der Reparatur von Haushaltsgro\u00dfger\u00e4ten<br>&#8211; Abgeschlossene Berufsausbildung in der Elektronik Branche <br>&#8211; Gute Kenntnisse am PC (Internet, Office-Anwendungen)   <br>&#8211; Gute Deutschkenntnisse in Wort und Schrift <br>&#8211; Gute Kenntnisse am PC (Internet, Office-Anwendungen) <br>&#8211; Beginn der T\u00e4tigkeit optimal ab sofort. <br>&#8211; F\u00fchrerschein Klasse <strong>B<\/strong> oder h\u00f6her <\/p>\n\n\n\n<p> Ihre Aufgaben umfassen den Einbau von Neuger\u00e4ten, die Wartung und Reparatur. Sie arbeiten sowohl im Au\u00dfendienst beim Kunden vor Ort, als auch bei uns in der Werkstatt.  <\/p>\n\n\n\n<hr class=\"wp-block-separator\"\/>\n\n\n\n<p><strong>Eine\/n\nB\u00fcrokauffrau\/mann<\/strong><\/p>\n\n\n\n<p>&#8211; Gute Deutschkenntnisse in Wort und Schrift <br>&#8211; Gute Kenntnisse am PC (Office-Anwendungen)<br>&#8211; Mehrj\u00e4hrige Berufserfahrung sowie Verkaufserfahrung w\u00fcnschenswert <br>&#8211; Bereitschaft, sich \u00fcber die von uns vertriebenen Artikel zu informieren <br>&#8211; Teilzeit nachmittags und ggf. an Samstagen <br>&#8211; Beginn der T\u00e4tigkeit optimal ab sofort. <br><\/p>\n\n\n\n<p>\nIhre Aufgaben umfassen den\nVerkauf von Neuger\u00e4ten, die Annahme, Erfassung und Ausgabe von zu\nreparierenden Ger\u00e4ten sowie die Erstellung von Rechnungen nach\nVorgabe. \n<\/p>\n\n\n\n<p> Sie arbeiten gern in einem famili\u00e4ren Umfeld, sind engagiert, zuverl\u00e4ssig und zielstrebig? Dann wartet auf Sie ein weitestgehend selbstst\u00e4ndiger T\u00e4tigkeitsbereich mit netten Kollegen. Bewerbungen bitte Schriftlich zusenden oder vor Ort abgeben.<\/p>\n\n\n\n<hr class=\"wp-block-separator\"\/>\n","protected":false},"excerpt":{"rendered":"<p>Sie m\u00f6chten unserem Team beitreten? Gerne nehmen wir Ihre Bewerbung schriftlich entgegen. Schicken Sie diese einfach an Firma Xpresso Cafe-Store in der Schwanheimerstra\u00dfe 76, 64625 Bensheim. Zur Verst\u00e4rkung unseres Teams in Bensheim suchen wir: Eine\/n Elektroniker\/in &#8211; Langj\u00e4hrige Erfahrung in der Reparatur von Haushaltsgro\u00dfger\u00e4ten&#8211; Abgeschlossene Berufsausbildung in der Elektronik Branche &#8211; Gute Kenntnisse am PC [&hellip;]<\/p>\n","protected":false},"author":1,"featured_media":0,"parent":0,"menu_order":10,"comment_status":"closed","ping_status":"closed","template":"","meta":[],"_links":{"self":[{"href":"http:\/\/shop.xpresso-store.de\/index.php?rest_route=\/wp\/v2\/pages\/706"}],"collection":[{"href":"http:\/\/shop.xpresso-store.de\/index.php?rest_route=\/wp\/v2\/pages"}],"about":[{"href":"http:\/\/shop.xpresso-store.de\/index.php?rest_route=\/wp\/v2\/types\/page"}],"author":[{"embeddable":true,"href":"http:\/\/shop.xpresso-store.de\/index.php?rest_route=\/wp\/v2\/users\/1"}],"replies":[{"embeddable":true,"href":"http:\/\/shop.xpresso-store.de\/index.php?rest_route=%2Fwp%2Fv2%2Fcomments&post=706"}],"version-history":[{"count":3,"href":"http:\/\/shop.xpresso-store.de\/index.php?rest_route=\/wp\/v2\/pages\/706\/revisions"}],"predecessor-version":[{"id":709,"href":"http:\/\/shop.xpresso-store.de\/index.php?rest_route=\/wp\/v2\/pages\/706\/revisions\/709"}],"wp:attachment":[{"href":"http:\/\/shop.xpresso-store.de\/index.php?rest_route=%2Fwp%2Fv2%2Fmedia&parent=706"}],"curies":[{"name":"wp","href":"https:\/\/api.w.org\/{rel}","templated":true}]}}