{"id":2,"date":"2016-02-03T04:08:41","date_gmt":"2016-02-03T04:08:41","guid":{"rendered":"http:\/\/wp442m.a10-52-158-154.qa.plesk.ru\/wordpress\/?page_id=2"},"modified":"2021-04-15T13:04:10","modified_gmt":"2021-04-15T13:04:10","slug":"sample-page","status":"publish","type":"page","link":"http:\/\/shop.xpresso-store.de\/?page_id=2","title":{"rendered":"Information"},"content":{"rendered":"<p>Herzlich Willkommen auf der Homepage von Xpresso Worms und Bensheim.<br \/>\nHier haben wir f\u00fcr Sie ein Formular zum erstellen eines Reparaturauftrages angelegt. M\u00f6chten Sie direkt mit uns in Kontakt treten, rufen Sie wie gewohnt w\u00e4hrend der \u00d6ffnungszeiten die 06251-849170 an. Wir beraten Sie gerne.<\/p>\n<p>Alle Relevanten Informationen finden Sie Hier:<\/p>\n<p><a href=\"http:\/\/shop.xpresso-store.de\/?page_id=150\">Datenschutz<\/a><a href=\"http:\/\/shop.xpresso-store.de\/?page_id=155\"><br \/>\nImpressum<\/a><\/p>\n","protected":false},"excerpt":{"rendered":"<p>Herzlich Willkommen auf der Homepage von Xpresso Worms und Bensheim. Hier haben wir f\u00fcr Sie ein Formular zum erstellen eines Reparaturauftrages angelegt. M\u00f6chten Sie direkt mit uns in Kontakt treten, rufen Sie wie gewohnt w\u00e4hrend der \u00d6ffnungszeiten die 06251-849170 an. Wir beraten Sie gerne. Alle Relevanten Informationen finden Sie Hier: Datenschutz Impressum<\/p>\n","protected":false},"author":1,"featured_media":0,"parent":0,"menu_order":4,"comment_status":"closed","ping_status":"closed","template":"","meta":[],"_links":{"self":[{"href":"http:\/\/shop.xpresso-store.de\/index.php?rest_route=\/wp\/v2\/pages\/2"}],"collection":[{"href":"http:\/\/shop.xpresso-store.de\/index.php?rest_route=\/wp\/v2\/pages"}],"about":[{"href":"http:\/\/shop.xpresso-store.de\/index.php?rest_route=\/wp\/v2\/types\/page"}],"author":[{"embeddable":true,"href":"http:\/\/shop.xpresso-store.de\/index.php?rest_route=\/wp\/v2\/users\/1"}],"replies":[{"embeddable":true,"href":"http:\/\/shop.xpresso-store.de\/index.php?rest_route=%2Fwp%2Fv2%2Fcomments&post=2"}],"version-history":[{"count":10,"href":"http:\/\/shop.xpresso-store.de\/index.php?rest_route=\/wp\/v2\/pages\/2\/revisions"}],"predecessor-version":[{"id":895,"href":"http:\/\/shop.xpresso-store.de\/index.php?rest_route=\/wp\/v2\/pages\/2\/revisions\/895"}],"wp:attachment":[{"href":"http:\/\/shop.xpresso-store.de\/index.php?rest_route=%2Fwp%2Fv2%2Fmedia&parent=2"}],"curies":[{"name":"wp","href":"https:\/\/api.w.org\/{rel}","templated":true}]}}